{"id":5163,"date":"2026-03-29T01:13:30","date_gmt":"2026-03-29T00:13:30","guid":{"rendered":"https:\/\/lapadi.com\/?page_id=5163"},"modified":"2026-03-30T00:45:09","modified_gmt":"2026-03-29T22:45:09","slug":"these","status":"publish","type":"page","link":"https:\/\/lapadi.com\/en\/academie-padi-2\/these\/","title":{"rendered":"Th\u00e8se"},"content":{"rendered":"<div data-elementor-type=\"wp-page\" data-elementor-id=\"5163\" class=\"elementor elementor-5163\" data-elementor-settings=\"{&quot;ha_cmc_init_switcher&quot;:&quot;no&quot;}\">\n\t\t\t\t<div class=\"elementor-element elementor-element-8c75c84 elementor-hidden-desktop elementor-hidden-tablet e-flex e-con-boxed jltma-glass-effect-no e-con e-parent\" data-id=\"8c75c84\" data-element_type=\"container\" data-e-type=\"container\" data-settings=\"{&quot;_ha_eqh_enable&quot;:false}\">\n\t\t\t\t\t<div class=\"e-con-inner\">\n\t\t<div class=\"elementor-element elementor-element-c4c1567 elementor-hidden-desktop elementor-hidden-tablet e-con-full e-flex jltma-glass-effect-no e-con e-child\" data-id=\"c4c1567\" data-element_type=\"container\" data-e-type=\"container\" data-settings=\"{&quot;_ha_eqh_enable&quot;:false}\">\n\t\t<div class=\"elementor-element elementor-element-1ef7b81 e-con-full e-flex jltma-glass-effect-no e-con e-child\" data-id=\"1ef7b81\" data-element_type=\"container\" data-e-type=\"container\" data-settings=\"{&quot;_ha_eqh_enable&quot;:false}\">\n\t\t\t\t<div class=\"elementor-element elementor-element-a508505 jltma-glass-effect-no exad-sticky-section-no exad-glass-effect-no elementor-widget elementor-widget-heading\" data-id=\"a508505\" data-element_type=\"widget\" data-e-type=\"widget\" data-widget_type=\"heading.default\">\n\t\t\t\t<div class=\"elementor-widget-container\">\n\t\t\t\t\t<h6 class=\"elementor-heading-title elementor-size-default\">IMPACT DE L\u2019AMOUR OP\u00c9RATIONNEL SUR LA TRANSFORMATION DES VIES D\u00c9SORGANIS\u00c9ES\u202f \u00c9TUDE TH\u00c9ORIQUE ET EXPLORATOIRE EN COACHING<\/h6>\t\t\t\t<\/div>\n\t\t\t\t<\/div>\n\t\t\t\t<\/div>\n\t\t<div class=\"elementor-element elementor-element-e519acb e-con-full e-flex jltma-glass-effect-no e-con e-child\" data-id=\"e519acb\" data-element_type=\"container\" data-e-type=\"container\" data-settings=\"{&quot;_ha_eqh_enable&quot;:false}\">\n\t\t\t\t<div class=\"elementor-element elementor-element-adb7bed elementor-mobile-align-center jltma-glass-effect-no exad-sticky-section-no exad-glass-effect-no elementor-invisible elementor-widget elementor-widget-button\" data-id=\"adb7bed\" data-element_type=\"widget\" data-e-type=\"widget\" data-settings=\"{&quot;_animation&quot;:&quot;fadeIn&quot;}\" data-widget_type=\"button.default\">\n\t\t\t\t<div class=\"elementor-widget-container\">\n\t\t\t\t\t\t\t\t\t<div class=\"elementor-button-wrapper\">\n\t\t\t\t\t<a class=\"elementor-button elementor-button-link elementor-size-sm elementor-animation-grow\" href=\"https:\/\/lapadi.com\/wp-content\/uploads\/2026\/03\/IMPACT-DE-LAMOUR-OPERATIONNEL-SUR-LA-TRANSFORMATION-DES-VIES-DESORGANISEES-ETUDE-THEORIQUE-ET-EXPLORATOIRE-EN-COACHING.pdf\">\n\t\t\t\t\t\t<span class=\"elementor-button-content-wrapper\">\n\t\t\t\t\t\t\t\t\t<span class=\"elementor-button-text\">View<\/span>\n\t\t\t\t\t<\/span>\n\t\t\t\t\t<\/a>\n\t\t\t\t<\/div>\n\t\t\t\t\t\t\t\t<\/div>\n\t\t\t\t<\/div>\n\t\t\t\t<\/div>\n\t\t\t\t<\/div>\n\t\t\t\t\t<\/div>\n\t\t\t\t<\/div>\n\t\t<div class=\"elementor-element elementor-element-d1d23d5 elementor-hidden-desktop elementor-hidden-tablet e-flex e-con-boxed jltma-glass-effect-no e-con e-parent\" data-id=\"d1d23d5\" data-element_type=\"container\" data-e-type=\"container\" data-settings=\"{&quot;_ha_eqh_enable&quot;:false}\">\n\t\t\t\t\t<div class=\"e-con-inner\">\n\t\t<div class=\"elementor-element elementor-element-f266c69 elementor-hidden-desktop elementor-hidden-tablet e-con-full e-flex jltma-glass-effect-no e-con e-child\" data-id=\"f266c69\" data-element_type=\"container\" data-e-type=\"container\" data-settings=\"{&quot;_ha_eqh_enable&quot;:false}\">\n\t\t<div class=\"elementor-element elementor-element-0f40221 e-con-full e-flex jltma-glass-effect-no e-con e-child\" data-id=\"0f40221\" data-element_type=\"container\" data-e-type=\"container\" data-settings=\"{&quot;_ha_eqh_enable&quot;:false}\">\n\t\t\t\t<div class=\"elementor-element elementor-element-88ea3ee jltma-glass-effect-no exad-sticky-section-no exad-glass-effect-no elementor-widget elementor-widget-heading\" data-id=\"88ea3ee\" data-element_type=\"widget\" data-e-type=\"widget\" data-widget_type=\"heading.default\">\n\t\t\t\t<div class=\"elementor-widget-container\">\n\t\t\t\t\t<h6 class=\"elementor-heading-title elementor-size-default\">RAPPORT ACAD\u00c9MIQUE OFFICIEL DE SOUTENANCE DE TH\u00c8SE SOKPOLY J<\/h6>\t\t\t\t<\/div>\n\t\t\t\t<\/div>\n\t\t\t\t<\/div>\n\t\t<div class=\"elementor-element elementor-element-f95e88f e-con-full e-flex jltma-glass-effect-no e-con e-child\" data-id=\"f95e88f\" data-element_type=\"container\" data-e-type=\"container\" data-settings=\"{&quot;_ha_eqh_enable&quot;:false}\">\n\t\t\t\t<div class=\"elementor-element elementor-element-b124d47 elementor-mobile-align-center jltma-glass-effect-no exad-sticky-section-no exad-glass-effect-no elementor-invisible elementor-widget elementor-widget-button\" data-id=\"b124d47\" data-element_type=\"widget\" data-e-type=\"widget\" data-settings=\"{&quot;_animation&quot;:&quot;fadeIn&quot;}\" data-widget_type=\"button.default\">\n\t\t\t\t<div class=\"elementor-widget-container\">\n\t\t\t\t\t\t\t\t\t<div class=\"elementor-button-wrapper\">\n\t\t\t\t\t<a class=\"elementor-button elementor-button-link elementor-size-sm elementor-animation-grow\" href=\"https:\/\/lapadi.com\/wp-content\/uploads\/2026\/03\/RAPPORT-ACADEMIQUE-OFFICIEL-DE-SOUTENANCE-DE-THESE-SOKPOLY-J.pdf\">\n\t\t\t\t\t\t<span class=\"elementor-button-content-wrapper\">\n\t\t\t\t\t\t\t\t\t<span class=\"elementor-button-text\">View<\/span>\n\t\t\t\t\t<\/span>\n\t\t\t\t\t<\/a>\n\t\t\t\t<\/div>\n\t\t\t\t\t\t\t\t<\/div>\n\t\t\t\t<\/div>\n\t\t\t\t<\/div>\n\t\t\t\t<\/div>\n\t\t\t\t\t<\/div>\n\t\t\t\t<\/div>\n\t\t<div class=\"elementor-element elementor-element-4548b17 elementor-hidden-desktop elementor-hidden-tablet e-flex e-con-boxed jltma-glass-effect-no e-con e-parent\" data-id=\"4548b17\" data-element_type=\"container\" data-e-type=\"container\" data-settings=\"{&quot;_ha_eqh_enable&quot;:false}\">\n\t\t\t\t\t<div class=\"e-con-inner\">\n\t\t<div class=\"elementor-element elementor-element-3dbb866 elementor-hidden-desktop elementor-hidden-tablet e-con-full e-flex jltma-glass-effect-no e-con e-child\" data-id=\"3dbb866\" data-element_type=\"container\" data-e-type=\"container\" data-settings=\"{&quot;_ha_eqh_enable&quot;:false}\">\n\t\t<div class=\"elementor-element elementor-element-480e0a6 e-con-full e-flex jltma-glass-effect-no e-con e-child\" data-id=\"480e0a6\" data-element_type=\"container\" data-e-type=\"container\" data-settings=\"{&quot;_ha_eqh_enable&quot;:false}\">\n\t\t\t\t<div class=\"elementor-element elementor-element-3e2afc7 jltma-glass-effect-no exad-sticky-section-no exad-glass-effect-no elementor-widget elementor-widget-heading\" data-id=\"3e2afc7\" data-element_type=\"widget\" data-e-type=\"widget\" data-widget_type=\"heading.default\">\n\t\t\t\t<div class=\"elementor-widget-container\">\n\t\t\t\t\t<h6 class=\"elementor-heading-title elementor-size-default\">PARCHEMIN DE DOCTORAT EN COACHING INT\u00c9GRAL Amelevi Jacqueline SOKPOLY<\/h6>\t\t\t\t<\/div>\n\t\t\t\t<\/div>\n\t\t\t\t<\/div>\n\t\t<div class=\"elementor-element elementor-element-b15f6b9 e-con-full e-flex jltma-glass-effect-no e-con e-child\" data-id=\"b15f6b9\" data-element_type=\"container\" data-e-type=\"container\" data-settings=\"{&quot;_ha_eqh_enable&quot;:false}\">\n\t\t\t\t<div class=\"elementor-element elementor-element-6cf39a1 elementor-mobile-align-center jltma-glass-effect-no exad-sticky-section-no exad-glass-effect-no elementor-invisible elementor-widget elementor-widget-button\" data-id=\"6cf39a1\" data-element_type=\"widget\" data-e-type=\"widget\" data-settings=\"{&quot;_animation&quot;:&quot;fadeIn&quot;}\" data-widget_type=\"button.default\">\n\t\t\t\t<div class=\"elementor-widget-container\">\n\t\t\t\t\t\t\t\t\t<div class=\"elementor-button-wrapper\">\n\t\t\t\t\t<a class=\"elementor-button elementor-button-link elementor-size-sm elementor-animation-grow\" href=\"https:\/\/lapadi.com\/wp-content\/uploads\/2026\/03\/PARCHEMIN-DE-DOCTORAT-EN-COACHING-INTEGRAL-Amelevi-Jacqueline-SOKPOLY1.pdf\">\n\t\t\t\t\t\t<span class=\"elementor-button-content-wrapper\">\n\t\t\t\t\t\t\t\t\t<span class=\"elementor-button-text\">View<\/span>\n\t\t\t\t\t<\/span>\n\t\t\t\t\t<\/a>\n\t\t\t\t<\/div>\n\t\t\t\t\t\t\t\t<\/div>\n\t\t\t\t<\/div>\n\t\t\t\t<\/div>\n\t\t\t\t<\/div>\n\t\t\t\t\t<\/div>\n\t\t\t\t<\/div>\n\t\t<div class=\"elementor-element elementor-element-097032f elementor-hidden-mobile e-flex e-con-boxed jltma-glass-effect-no e-con e-parent\" data-id=\"097032f\" data-element_type=\"container\" data-e-type=\"container\" data-settings=\"{&quot;_ha_eqh_enable&quot;:false}\">\n\t\t\t\t\t<div class=\"e-con-inner\">\n\t\t\t\t<div class=\"elementor-element elementor-element-494b0d2 jltma-glass-effect-no exad-sticky-section-no exad-glass-effect-no elementor-widget elementor-widget-ha-pdf-view happy-addon ha-pdf-view\" data-id=\"494b0d2\" data-element_type=\"widget\" data-e-type=\"widget\" data-widget_type=\"ha-pdf-view.default\">\n\t\t\t\t<div class=\"elementor-widget-container\">\n\t\t\t\t\t        <div class=\"pdf_viewer_container\">\n            <div class=\"pdf_viewer_options viewer-494b0d2\" data-pdf-settings=\"{&quot;unique_id&quot;:&quot;viewer-494b0d2&quot;,&quot;pdf_url&quot;:&quot;https:\\\/\\\/lapadi.com\\\/wp-content\\\/uploads\\\/2026\\\/03\\\/IMPACT-DE-LAMOUR-OPERATIONNEL-SUR-LA-TRANSFORMATION-DES-VIES-DESORGANISEES-ETUDE-THEORIQUE-ET-EXPLORATOIRE-EN-COACHING.pdf&quot;,&quot;file_type&quot;:&quot;url&quot;,&quot;page_number&quot;:&quot;1&quot;,&quot;width&quot;:&quot;100%&quot;,&quot;height&quot;:&quot;600px&quot;}\">\n\t\t\t\t<span class=\"ha-title-flex\">\n\t\t\t\t\t<span class=\"pdf-icon\">\n\t\t\t\t\t\t<i aria-hidden=\"true\" class=\"fas fa-file-pdf\"><\/i>\t\t\t\t\t<\/span>\n\t\t\t\t\t<h2 class=\"ha-pdf-title\">IMPACT DE L\u2019AMOUR OP\u00c9RATIONNEL SUR LA TRANSFORMATION DES VIES D\u00c9SORGANIS\u00c9ES\u202f \u00c9TUDE TH\u00c9ORIQUE ET EXPLORATOIRE EN COACHING<\/h2>\t\t\t\t<\/span>\n\t\t\t\t                <div class=\"pdf-button\">\n                <a href=\"https:\/\/lapadi.com\/wp-content\/uploads\/2026\/03\/IMPACT-DE-LAMOUR-OPERATIONNEL-SUR-LA-TRANSFORMATION-DES-VIES-DESORGANISEES-ETUDE-THEORIQUE-ET-EXPLORATOIRE-EN-COACHING.pdf\" class=\"ha-btn\" download title=\"IMPACT DE L\u2019AMOUR OP\u00c9RATIONNEL SUR LA TRANSFORMATION DES VIES D\u00c9SORGANIS\u00c9ES\u202f \u00c9TUDE TH\u00c9ORIQUE ET EXPLORATOIRE EN COACHING\">Download<\/a>                <\/div>\n            <\/div>\n\n\t\t\t<div>\n\t\t\t\t<div id=\"viewer-494b0d2\"><\/div>\n\t\t\t<\/div>\n\n        <\/div>\n        \t\t\t\t<\/div>\n\t\t\t\t<\/div>\n\t\t\t\t\t<\/div>\n\t\t\t\t<\/div>\n\t\t<div class=\"elementor-element elementor-element-e03e69e elementor-hidden-mobile e-flex e-con-boxed jltma-glass-effect-no e-con e-parent\" data-id=\"e03e69e\" data-element_type=\"container\" data-e-type=\"container\" data-settings=\"{&quot;_ha_eqh_enable&quot;:false}\">\n\t\t\t\t\t<div class=\"e-con-inner\">\n\t\t\t\t<div class=\"elementor-element elementor-element-bf3da15 jltma-glass-effect-no exad-sticky-section-no exad-glass-effect-no elementor-widget elementor-widget-ha-pdf-view happy-addon ha-pdf-view\" data-id=\"bf3da15\" data-element_type=\"widget\" data-e-type=\"widget\" data-widget_type=\"ha-pdf-view.default\">\n\t\t\t\t<div class=\"elementor-widget-container\">\n\t\t\t\t\t        <div class=\"pdf_viewer_container\">\n            <div class=\"pdf_viewer_options viewer-bf3da15\" data-pdf-settings=\"{&quot;unique_id&quot;:&quot;viewer-bf3da15&quot;,&quot;pdf_url&quot;:&quot;https:\\\/\\\/lapadi.com\\\/wp-content\\\/uploads\\\/2026\\\/03\\\/RAPPORT-ACADEMIQUE-OFFICIEL-DE-SOUTENANCE-DE-THESE-SOKPOLY-J.pdf&quot;,&quot;file_type&quot;:&quot;url&quot;,&quot;page_number&quot;:&quot;1&quot;,&quot;width&quot;:&quot;100%&quot;,&quot;height&quot;:&quot;600px&quot;}\">\n\t\t\t\t<span class=\"ha-title-flex\">\n\t\t\t\t\t<span class=\"pdf-icon\">\n\t\t\t\t\t\t<i aria-hidden=\"true\" class=\"fas fa-file-pdf\"><\/i>\t\t\t\t\t<\/span>\n\t\t\t\t\t<h2 class=\"ha-pdf-title\">RAPPORT ACAD\u00c9MIQUE OFFICIEL DE SOUTENANCE DE TH\u00c8SE SOKPOLY J<\/h2>\t\t\t\t<\/span>\n\t\t\t\t                <div class=\"pdf-button\">\n                <a href=\"https:\/\/lapadi.com\/wp-content\/uploads\/2026\/03\/RAPPORT-ACADEMIQUE-OFFICIEL-DE-SOUTENANCE-DE-THESE-SOKPOLY-J.pdf\" class=\"ha-btn\" download title=\"RAPPORT ACAD\u00c9MIQUE OFFICIEL DE SOUTENANCE DE TH\u00c8SE SOKPOLY J\">Download<\/a>                <\/div>\n            <\/div>\n\n\t\t\t<div>\n\t\t\t\t<div id=\"viewer-bf3da15\"><\/div>\n\t\t\t<\/div>\n\n        <\/div>\n        \t\t\t\t<\/div>\n\t\t\t\t<\/div>\n\t\t\t\t\t<\/div>\n\t\t\t\t<\/div>\n\t\t<div class=\"elementor-element elementor-element-db79e9c elementor-hidden-mobile e-flex e-con-boxed jltma-glass-effect-no e-con e-parent\" data-id=\"db79e9c\" data-element_type=\"container\" data-e-type=\"container\" data-settings=\"{&quot;_ha_eqh_enable&quot;:false}\">\n\t\t\t\t\t<div class=\"e-con-inner\">\n\t\t\t\t<div class=\"elementor-element elementor-element-0ff2b7f jltma-glass-effect-no exad-sticky-section-no exad-glass-effect-no elementor-widget elementor-widget-ha-pdf-view happy-addon ha-pdf-view\" data-id=\"0ff2b7f\" data-element_type=\"widget\" data-e-type=\"widget\" data-widget_type=\"ha-pdf-view.default\">\n\t\t\t\t<div class=\"elementor-widget-container\">\n\t\t\t\t\t        <div class=\"pdf_viewer_container\">\n            <div class=\"pdf_viewer_options viewer-0ff2b7f\" data-pdf-settings=\"{&quot;unique_id&quot;:&quot;viewer-0ff2b7f&quot;,&quot;pdf_url&quot;:&quot;https:\\\/\\\/lapadi.com\\\/wp-content\\\/uploads\\\/2026\\\/03\\\/PARCHEMIN-DE-DOCTORAT-EN-COACHING-INTEGRAL-Amelevi-Jacqueline-SOKPOLY1.pdf&quot;,&quot;file_type&quot;:&quot;url&quot;,&quot;page_number&quot;:&quot;1&quot;,&quot;width&quot;:&quot;100%&quot;,&quot;height&quot;:&quot;600px&quot;}\">\n\t\t\t\t<span class=\"ha-title-flex\">\n\t\t\t\t\t<span class=\"pdf-icon\">\n\t\t\t\t\t\t<i aria-hidden=\"true\" class=\"fas fa-file-pdf\"><\/i>\t\t\t\t\t<\/span>\n\t\t\t\t\t<h2 class=\"ha-pdf-title\">PARCHEMIN DE DOCTORAT EN COACHING INT\u00c9GRAL Amelevi Jacqueline SOKPOLY<\/h2>\t\t\t\t<\/span>\n\t\t\t\t                <div class=\"pdf-button\">\n                <a href=\"https:\/\/lapadi.com\/wp-content\/uploads\/2026\/03\/PARCHEMIN-DE-DOCTORAT-EN-COACHING-INTEGRAL-Amelevi-Jacqueline-SOKPOLY1.pdf\" class=\"ha-btn\" download title=\"PARCHEMIN DE DOCTORAT EN COACHING INT\u00c9GRAL Amelevi Jacqueline SOKPOLY\">Download<\/a>                <\/div>\n            <\/div>\n\n\t\t\t<div>\n\t\t\t\t<div id=\"viewer-0ff2b7f\"><\/div>\n\t\t\t<\/div>\n\n        <\/div>\n        \t\t\t\t<\/div>\n\t\t\t\t<\/div>\n\t\t\t\t\t<\/div>\n\t\t\t\t<\/div>\n\t\t\t\t<\/div>","protected":false},"excerpt":{"rendered":"<p>IMPACT DE L\u2019AMOUR OP\u00c9RATIONNEL SUR LA TRANSFORMATION DES VIES D\u00c9SORGANIS\u00c9ES\u202f \u00c9TUDE TH\u00c9ORIQUE ET EXPLORATOIRE EN COACHING Consulter RAPPORT ACAD\u00c9MIQUE OFFICIEL DE SOUTENANCE DE TH\u00c8SE SOKPOLY J Consulter PARCHEMIN DE DOCTORAT EN COACHING INT\u00c9GRAL Amelevi Jacqueline SOKPOLY Consulter IMPACT DE L\u2019AMOUR OP\u00c9RATIONNEL SUR LA TRANSFORMATION DES VIES D\u00c9SORGANIS\u00c9ES\u202f \u00c9TUDE TH\u00c9ORIQUE ET EXPLORATOIRE EN COACHING Download RAPPORT [&hellip;]<\/p>\n","protected":false},"author":3,"featured_media":0,"parent":4696,"menu_order":0,"comment_status":"closed","ping_status":"closed","template":"","meta":{"_uag_custom_page_level_css":"","_monsterinsights_skip_tracking":false,"_monsterinsights_sitenote_active":false,"_monsterinsights_sitenote_note":"","_monsterinsights_sitenote_category":0,"site-sidebar-layout":"no-sidebar","site-content-layout":"","ast-site-content-layout":"full-width-container","site-content-style":"default","site-sidebar-style":"default","ast-global-header-display":"","ast-banner-title-visibility":"","ast-main-header-display":"","ast-hfb-above-header-display":"","ast-hfb-below-header-display":"","ast-hfb-mobile-header-display":"","site-post-title":"","ast-breadcrumbs-content":"","ast-featured-img":"disabled","footer-sml-layout":"","ast-disable-related-posts":"","theme-transparent-header-meta":"","adv-header-id-meta":"","stick-header-meta":"","header-above-stick-meta":"","header-main-stick-meta":"","header-below-stick-meta":"","astra-migrate-meta-layouts":"default","ast-page-background-enabled":"default","ast-page-background-meta":{"desktop":{"background-color":"var(--ast-global-color-4)","background-image":"","background-repeat":"repeat","background-position":"center center","background-size":"auto","background-attachment":"scroll","background-type":"","background-media":"","overlay-type":"","overlay-color":"","overlay-opacity":"","overlay-gradient":""},"tablet":{"background-color":"","background-image":"","background-repeat":"repeat","background-position":"center center","background-size":"auto","background-attachment":"scroll","background-type":"","background-media":"","overlay-type":"","overlay-color":"","overlay-opacity":"","overlay-gradient":""},"mobile":{"background-color":"","background-image":"","background-repeat":"repeat","background-position":"center center","background-size":"auto","background-attachment":"scroll","background-type":"","background-media":"","overlay-type":"","overlay-color":"","overlay-opacity":"","overlay-gradient":""}},"ast-content-background-meta":{"desktop":{"background-color":"var(--ast-global-color-5)","background-image":"","background-repeat":"repeat","background-position":"center center","background-size":"auto","background-attachment":"scroll","background-type":"","background-media":"","overlay-type":"","overlay-color":"","overlay-opacity":"","overlay-gradient":""},"tablet":{"background-color":"var(--ast-global-color-5)","background-image":"","background-repeat":"repeat","background-position":"center center","background-size":"auto","background-attachment":"scroll","background-type":"","background-media":"","overlay-type":"","overlay-color":"","overlay-opacity":"","overlay-gradient":""},"mobile":{"background-color":"var(--ast-global-color-5)","background-image":"","background-repeat":"repeat","background-position":"center center","background-size":"auto","background-attachment":"scroll","background-type":"","background-media":"","overlay-type":"","overlay-color":"","overlay-opacity":"","overlay-gradient":""}},"footnotes":""},"class_list":["post-5163","page","type-page","status-publish","hentry"],"yoast_head":"<!-- This site is optimized with the Yoast SEO plugin v27.3 - https:\/\/yoast.com\/product\/yoast-seo-wordpress\/ -->\n<title>Th\u00e8se -<\/title>\n<meta name=\"robots\" content=\"index, follow, max-snippet:-1, max-image-preview:large, max-video-preview:-1\" \/>\n<link rel=\"canonical\" href=\"https:\/\/lapadi.com\/en\/academie-padi-2\/these\/\" \/>\n<meta property=\"og:locale\" content=\"en_US\" \/>\n<meta property=\"og:type\" content=\"article\" \/>\n<meta property=\"og:title\" content=\"Th\u00e8se -\" \/>\n<meta property=\"og:description\" content=\"IMPACT DE L\u2019AMOUR OP\u00c9RATIONNEL SUR LA TRANSFORMATION DES VIES D\u00c9SORGANIS\u00c9ES\u202f \u00c9TUDE TH\u00c9ORIQUE ET EXPLORATOIRE EN COACHING Consulter RAPPORT ACAD\u00c9MIQUE OFFICIEL DE SOUTENANCE DE TH\u00c8SE SOKPOLY J Consulter PARCHEMIN DE DOCTORAT EN COACHING INT\u00c9GRAL Amelevi Jacqueline SOKPOLY Consulter IMPACT DE L\u2019AMOUR OP\u00c9RATIONNEL SUR LA TRANSFORMATION DES VIES D\u00c9SORGANIS\u00c9ES\u202f \u00c9TUDE TH\u00c9ORIQUE ET EXPLORATOIRE EN COACHING Download RAPPORT [&hellip;]\" \/>\n<meta property=\"og:url\" content=\"https:\/\/lapadi.com\/en\/academie-padi-2\/these\/\" \/>\n<meta property=\"article:modified_time\" content=\"2026-03-29T22:45:09+00:00\" \/>\n<meta name=\"twitter:card\" content=\"summary_large_image\" \/>\n<meta name=\"twitter:label1\" content=\"Est. reading time\" \/>\n\t<meta name=\"twitter:data1\" content=\"1 minute\" \/>\n<script type=\"application\/ld+json\" class=\"yoast-schema-graph\">{\"@context\":\"https:\\\/\\\/schema.org\",\"@graph\":[{\"@type\":\"WebPage\",\"@id\":\"https:\\\/\\\/lapadi.com\\\/academie-padi-2\\\/these\\\/\",\"url\":\"https:\\\/\\\/lapadi.com\\\/academie-padi-2\\\/these\\\/\",\"name\":\"Th\u00e8se -\",\"isPartOf\":{\"@id\":\"https:\\\/\\\/lapadi.com\\\/#website\"},\"datePublished\":\"2026-03-29T00:13:30+00:00\",\"dateModified\":\"2026-03-29T22:45:09+00:00\",\"breadcrumb\":{\"@id\":\"https:\\\/\\\/lapadi.com\\\/academie-padi-2\\\/these\\\/#breadcrumb\"},\"inLanguage\":\"en-US\",\"potentialAction\":[{\"@type\":\"ReadAction\",\"target\":[\"https:\\\/\\\/lapadi.com\\\/academie-padi-2\\\/these\\\/\"]}]},{\"@type\":\"BreadcrumbList\",\"@id\":\"https:\\\/\\\/lapadi.com\\\/academie-padi-2\\\/these\\\/#breadcrumb\",\"itemListElement\":[{\"@type\":\"ListItem\",\"position\":1,\"name\":\"Accueil\",\"item\":\"https:\\\/\\\/lapadi.com\\\/\"},{\"@type\":\"ListItem\",\"position\":2,\"name\":\"Acad\u00e9mie PaDI\",\"item\":\"https:\\\/\\\/lapadi.com\\\/academie-padi-2\\\/\"},{\"@type\":\"ListItem\",\"position\":3,\"name\":\"Th\u00e8se\"}]},{\"@type\":\"WebSite\",\"@id\":\"https:\\\/\\\/lapadi.com\\\/#website\",\"url\":\"https:\\\/\\\/lapadi.com\\\/\",\"name\":\"\",\"description\":\"\",\"potentialAction\":[{\"@type\":\"SearchAction\",\"target\":{\"@type\":\"EntryPoint\",\"urlTemplate\":\"https:\\\/\\\/lapadi.com\\\/?s={search_term_string}\"},\"query-input\":{\"@type\":\"PropertyValueSpecification\",\"valueRequired\":true,\"valueName\":\"search_term_string\"}}],\"inLanguage\":\"en-US\"}]}<\/script>\n<!-- \/ Yoast SEO plugin. -->","yoast_head_json":{"title":"Th\u00e8se -","robots":{"index":"index","follow":"follow","max-snippet":"max-snippet:-1","max-image-preview":"max-image-preview:large","max-video-preview":"max-video-preview:-1"},"canonical":"https:\/\/lapadi.com\/en\/academie-padi-2\/these\/","og_locale":"en_US","og_type":"article","og_title":"Th\u00e8se -","og_description":"IMPACT DE L\u2019AMOUR OP\u00c9RATIONNEL SUR LA TRANSFORMATION DES VIES D\u00c9SORGANIS\u00c9ES\u202f \u00c9TUDE TH\u00c9ORIQUE ET EXPLORATOIRE EN COACHING Consulter RAPPORT ACAD\u00c9MIQUE OFFICIEL DE SOUTENANCE DE TH\u00c8SE SOKPOLY J Consulter PARCHEMIN DE DOCTORAT EN COACHING INT\u00c9GRAL Amelevi Jacqueline SOKPOLY Consulter IMPACT DE L\u2019AMOUR OP\u00c9RATIONNEL SUR LA TRANSFORMATION DES VIES D\u00c9SORGANIS\u00c9ES\u202f \u00c9TUDE TH\u00c9ORIQUE ET EXPLORATOIRE EN COACHING Download RAPPORT [&hellip;]","og_url":"https:\/\/lapadi.com\/en\/academie-padi-2\/these\/","article_modified_time":"2026-03-29T22:45:09+00:00","twitter_card":"summary_large_image","twitter_misc":{"Est. reading time":"1 minute"},"schema":{"@context":"https:\/\/schema.org","@graph":[{"@type":"WebPage","@id":"https:\/\/lapadi.com\/academie-padi-2\/these\/","url":"https:\/\/lapadi.com\/academie-padi-2\/these\/","name":"Th\u00e8se -","isPartOf":{"@id":"https:\/\/lapadi.com\/#website"},"datePublished":"2026-03-29T00:13:30+00:00","dateModified":"2026-03-29T22:45:09+00:00","breadcrumb":{"@id":"https:\/\/lapadi.com\/academie-padi-2\/these\/#breadcrumb"},"inLanguage":"en-US","potentialAction":[{"@type":"ReadAction","target":["https:\/\/lapadi.com\/academie-padi-2\/these\/"]}]},{"@type":"BreadcrumbList","@id":"https:\/\/lapadi.com\/academie-padi-2\/these\/#breadcrumb","itemListElement":[{"@type":"ListItem","position":1,"name":"Accueil","item":"https:\/\/lapadi.com\/"},{"@type":"ListItem","position":2,"name":"Acad\u00e9mie PaDI","item":"https:\/\/lapadi.com\/academie-padi-2\/"},{"@type":"ListItem","position":3,"name":"Th\u00e8se"}]},{"@type":"WebSite","@id":"https:\/\/lapadi.com\/#website","url":"https:\/\/lapadi.com\/","name":"","description":"","potentialAction":[{"@type":"SearchAction","target":{"@type":"EntryPoint","urlTemplate":"https:\/\/lapadi.com\/?s={search_term_string}"},"query-input":{"@type":"PropertyValueSpecification","valueRequired":true,"valueName":"search_term_string"}}],"inLanguage":"en-US"}]}},"uagb_featured_image_src":{"full":false,"thumbnail":false,"medium":false,"medium_large":false,"large":false,"master_addons_team_thumb":false,"meafe-featured-page":false,"meafe-testimonial-two":false,"meafe-blog-one":false,"meafe-blog-two":false,"meafe-category-tab":false,"meafe-category-grid":false,"meafe-category-grid-one":false,"meafe-category-grid-two":false,"meafe-category-grid-three":false,"meafe-category-grid-lay-three":false,"meafe-post-modules-small-img":false,"1536x1536":false,"2048x2048":false,"trp-custom-language-flag":false},"uagb_author_info":{"display_name":"Flora AKOFFODJI","author_link":"https:\/\/lapadi.com\/en\/author\/flora\/"},"uagb_comment_info":0,"uagb_excerpt":"IMPACT DE L\u2019AMOUR OP\u00c9RATIONNEL SUR LA TRANSFORMATION DES VIES D\u00c9SORGANIS\u00c9ES\u202f \u00c9TUDE TH\u00c9ORIQUE ET EXPLORATOIRE EN COACHING Consulter RAPPORT ACAD\u00c9MIQUE OFFICIEL DE SOUTENANCE DE TH\u00c8SE SOKPOLY J Consulter PARCHEMIN DE DOCTORAT EN COACHING INT\u00c9GRAL Amelevi Jacqueline SOKPOLY Consulter IMPACT DE L\u2019AMOUR OP\u00c9RATIONNEL SUR LA TRANSFORMATION DES VIES D\u00c9SORGANIS\u00c9ES\u202f \u00c9TUDE TH\u00c9ORIQUE ET EXPLORATOIRE EN COACHING Download RAPPORT&hellip;","_links":{"self":[{"href":"https:\/\/lapadi.com\/en\/wp-json\/wp\/v2\/pages\/5163","targetHints":{"allow":["GET"]}}],"collection":[{"href":"https:\/\/lapadi.com\/en\/wp-json\/wp\/v2\/pages"}],"about":[{"href":"https:\/\/lapadi.com\/en\/wp-json\/wp\/v2\/types\/page"}],"author":[{"embeddable":true,"href":"https:\/\/lapadi.com\/en\/wp-json\/wp\/v2\/users\/3"}],"replies":[{"embeddable":true,"href":"https:\/\/lapadi.com\/en\/wp-json\/wp\/v2\/comments?post=5163"}],"version-history":[{"count":29,"href":"https:\/\/lapadi.com\/en\/wp-json\/wp\/v2\/pages\/5163\/revisions"}],"predecessor-version":[{"id":5210,"href":"https:\/\/lapadi.com\/en\/wp-json\/wp\/v2\/pages\/5163\/revisions\/5210"}],"up":[{"embeddable":true,"href":"https:\/\/lapadi.com\/en\/wp-json\/wp\/v2\/pages\/4696"}],"wp:attachment":[{"href":"https:\/\/lapadi.com\/en\/wp-json\/wp\/v2\/media?parent=5163"}],"curies":[{"name":"wp","href":"https:\/\/api.w.org\/{rel}","templated":true}]}}